{"id":5865,"date":"2025-06-03T10:32:46","date_gmt":"2025-06-03T07:32:46","guid":{"rendered":"https:\/\/hr.ancpi.ro\/?page_id=5865"},"modified":"2025-06-03T11:00:35","modified_gmt":"2025-06-03T08:00:35","slug":"extrase-gratuite-pentru-proprietari","status":"publish","type":"page","link":"https:\/\/hr.ancpi.ro\/hu\/extrase-gratuite-pentru-proprietari\/","title":{"rendered":"Extrase gratuite pentru proprietari"},"content":{"rendered":"<h2 data-raofz=\"30\"><strong>Online:<\/strong><\/h2>\n<p style=\"text-align: center;\" data-raofz=\"15\">\u00cencepand cu data de\u00a0 2 iunie 2025, proprietarii de imobile vor putea ob\u021bine gratuit extrasele de carte funciar\u0103 pentru informare \u0219i extrasele de plan cadastral pe ortofotoplan \u0219i \u00een sistem online.<\/p>\n<p data-raofz=\"15\"><img decoding=\"async\" class=\"aligncenter\" src=\"https:\/\/bv.ancpi.ro\/wp-content\/uploads\/2025\/06\/wp9.11.33.webp\" \/><\/p>\n<p data-raofz=\"15\">V\u0103 inform\u0103m c\u0103 potrivit tezei II a art.8 alin.(1) lit.s) din Ordinul nr. 16\/2019 privind aprobarea tarifelor pentru serviciile furnizate de Agen\u021bia Na\u021bional\u0103 de Cadastru \u0219i Publicitate Imobiliar\u0103 \u0219i institu\u021biile sale subordonate,<strong>\u00a0\u00eencep\u00e2nd cu data de 02.06.2025<\/strong>, serviciile identificate cu codurile 2.7.2 \u015fi 2.7.7 din anex\u0103, respectiv extrasul de carte funciar\u0103 pentru informare \u0219i extrasul din planul cadastral\u00a0<strong>vor fi furnizate gratuit \u0219i online,\u00a0<\/strong>prin intermediul sistemului informatic al Agen\u0163iei Na\u0163ionale de Cadastru \u0219i Publicitate Imobiliara.<\/p>\n<p data-raofz=\"15\">Accesul \u00een sistem se va efectua prin intermediul aplica\u021biei\u00a0<a role=\"link\" href=\"https:\/\/myeterra.ancpi.ro\/landing\" data-raofz=\"15\"><span data-raofz=\"15\">MyEterra<\/span><\/a>, exclusiv de c\u0103tre proprietarii imobilelor (persoane fizice sau juridice, personal sau prin reprezentant) sau de reprezentan\u0163ii prim\u0103riilor\/consiliilor jude\u0163ene \u00een numele proprietarilor.<\/p>\n<p data-raofz=\"15\">Deschiderea unui cont \u00een<span data-raofz=\"15\">\u00a0<a role=\"link\" href=\"https:\/\/myeterra.ancpi.ro\/landing\" data-raofz=\"15\">MyEterra<\/a><\/span>, spre informare se face exclusiv online, \u0219i poate fi:<\/p>\n<ul>\n<li data-raofz=\"15\">Cont individual \u2013 pentru persoane fizice;<\/li>\n<li data-raofz=\"15\">Cont de reprezentant \u2013 pentru reprezentan\u021bi ai altor persoane fizice sau juridice (pe baz\u0103 de mandat)<img decoding=\"async\" class=\"aligncenter\" src=\"https:\/\/alba24.ro\/wp-content\/uploads\/2025\/05\/wp09.11.22.jpeg\" \/><br \/>\n<h3 data-raofz=\"20\"><a role=\"link\" href=\"https:\/\/hr.ancpi.ro\/wp-content\/uploads\/2025\/06\/cum-iti-deschizi-un-cont-MyEterra.pdf\" target=\"_blank\" rel=\"noopener\" data-raofz=\"20\"><span data-raofz=\"20\"><strong>Cum \u00ee\u021bi deschizi un cont MyEterra?<\/strong><\/span><\/a><\/h3>\n<h2 data-raofz=\"30\"><strong>La ghi\u0219eu:\u00a0<\/strong><\/h2>\n<p data-raofz=\"15\"><img loading=\"lazy\" decoding=\"async\" class=\"wp-image-8009 aligncenter\" src=\"https:\/\/bv.ancpi.ro\/wp-content\/uploads\/2025\/04\/poster_ANCPI_extras_CF_final.png\" sizes=\"auto, (max-width: 861px) 100vw, 861px\" srcset=\"https:\/\/bv.ancpi.ro\/wp-content\/uploads\/2025\/04\/poster_ANCPI_extras_CF_final.png 1024w, https:\/\/bv.ancpi.ro\/wp-content\/uploads\/2025\/04\/poster_ANCPI_extras_CF_final-200x300.png 200w, https:\/\/bv.ancpi.ro\/wp-content\/uploads\/2025\/04\/poster_ANCPI_extras_CF_final-700x1050.png 700w, https:\/\/bv.ancpi.ro\/wp-content\/uploads\/2025\/04\/poster_ANCPI_extras_CF_final-768x1152.png 768w\" alt=\"\" width=\"861\" height=\"1292\" \/><\/p>\n<p data-raofz=\"15\">\u00cen vederea furniz\u0103rii gratuite a extraselor de carte funciar\u0103 pentru informare \u0219i extraselor de plan cadastral,\u00a0<strong>\u00a0\u00eenregistrate la ghi\u0219eu de referentul de rela\u021bii cu publicul din cadrul biroului teritorial<\/strong>, \u00een aplicarea prevederilor articolului 8 aliniat (1) litera s) din Ordinului numarul 16\/2019 privind aprobarea tarifelor pentru serviciile furnizate de\u00a0 Agen\u021bia Na\u021bional\u0103 de Cadastru \u0219i Publicitate Imobiliar\u0103 \u0219i institu\u021biile sale subordonate modificat \u0219i completat de Ordinul numarul 441\/2025, se vor respecta urm\u0103toarele:<\/p>\n<p data-raofz=\"15\">Solicitantul\/deponentul cererii:<\/p>\n<p data-raofz=\"15\">Dac\u0103 solicitantul serviciului de eliberare a extrasului de carte funciar\u0103 pentru informare \/ cadastral\u00a0 este:<\/p>\n<p data-raofz=\"15\">\u2013 persoan\u0103 fizic\u0103, \u00een nume propriu \u2013 aceasta prezint\u0103 la ghi\u0219eul biroului teritorial cartea de identitate \u00een original;<\/p>\n<p data-raofz=\"15\">\u2013 persoan\u0103 juridic\u0103 \u2013 deponentul cererii prezint\u0103 la ghi\u0219eul biroului teritorial cartea de identitate \u00een original \u0219i \u00eemputernicire care atest\u0103 calitatea de reprezentant;<\/p>\n<p data-raofz=\"15\">\u2013 reprezentantul prim\u0103riei\/consiliului jude\u021bean, \u00een numele proprietarului \u2013 acesta prezint\u0103 la ghi\u0219eul biroului teritorial dovada calit\u0103\u021bii de reprezentant al prim\u0103riei\/consiliului jude\u021bean, specific\u00e2nd \u00een cerere motivul pentru care solicit\u0103 eliberarea extrasului (num\u0103rul cererii depuse de c\u0103tre proprietar la prim\u0103rie\/consiliul jude\u021bean).<\/p>\n<p data-raofz=\"15\"><a role=\"link\" href=\"https:\/\/hr.ancpi.ro\/wp-content\/uploads\/2025\/06\/Cerere-pentru-eliberare-extras-de-carte-funciara-pentru-informare-proprietar.doc\" target=\"_blank\" rel=\"noopener\" data-raofz=\"15\"><span data-raofz=\"15\">Cerere-pentru-eliberare-extras-de-carte-funciara-pentru-informare \u2013 proprietar \u2013 doc<\/span><\/a><\/p>\n<p data-raofz=\"15\"><a role=\"link\" href=\"https:\/\/hr.ancpi.ro\/wp-content\/uploads\/2025\/06\/Cerere-pentru-eliberare-extras-de-carte-funciara-pentru-informare-proprietar.pdf\" target=\"_blank\" rel=\"noopener\" data-raofz=\"15\"><span data-raofz=\"15\">Cerere-pentru-eliberare-extras-de-carte-funciara-pentru-informare \u2013 proprietar\u00a0 \u2013 pdf<\/span><\/a><\/p>\n<p data-raofz=\"15\"><a role=\"link\" href=\"https:\/\/hr.ancpi.ro\/wp-content\/uploads\/2025\/06\/Cerere-pentru-eliberare-extras-din-planul-cadastral-proprietar.doc\" target=\"_blank\" rel=\"noopener\" data-raofz=\"15\"><span data-raofz=\"15\">Cerere-pentru-eliberare-extras-din-planul-cadastral \u2013 proprietar \u2013 doc<\/span><\/a><\/p>\n<p data-raofz=\"15\"><a role=\"link\" href=\"https:\/\/hr.ancpi.ro\/wp-content\/uploads\/2025\/06\/Cerere-pentru-eliberare-extras-din-planul-cadastral-proprietar.pdf\" target=\"_blank\" rel=\"noopener\" data-raofz=\"15\"><span data-raofz=\"15\">Cerere-pentru-eliberare-extras-din-planul-cadastral \u2013 proprietar \u2013 pdf<\/span><\/a><\/p>\n<\/li>\n<\/ul>","protected":false},"excerpt":{"rendered":"<p>Online: \u00cencepand cu data de\u00a0 2 iunie 2025, proprietarii de imobile vor putea ob\u021bine gratuit extrasele de carte funciar\u0103 pentru informare \u0219i extrasele de plan cadastral pe ortofotoplan \u0219i \u00een sistem online. V\u0103 inform\u0103m c\u0103 potrivit tezei II a art.8 alin.(1) lit.s) din Ordinul nr. 16\/2019 privind aprobarea tarifelor pentru serviciile furnizate de Agen\u021bia Na\u021bional\u0103 [&hellip;]<\/p>\n","protected":false},"author":5,"featured_media":0,"parent":0,"menu_order":0,"comment_status":"closed","ping_status":"closed","template":"","meta":{"_exactmetrics_skip_tracking":false,"_exactmetrics_sitenote_active":false,"_exactmetrics_sitenote_note":"","_exactmetrics_sitenote_category":0,"footnotes":""},"class_list":["post-5865","page","type-page","status-publish","hentry"],"_links":{"self":[{"href":"https:\/\/hr.ancpi.ro\/hu\/wp-json\/wp\/v2\/pages\/5865","targetHints":{"allow":["GET"]}}],"collection":[{"href":"https:\/\/hr.ancpi.ro\/hu\/wp-json\/wp\/v2\/pages"}],"about":[{"href":"https:\/\/hr.ancpi.ro\/hu\/wp-json\/wp\/v2\/types\/page"}],"author":[{"embeddable":true,"href":"https:\/\/hr.ancpi.ro\/hu\/wp-json\/wp\/v2\/users\/5"}],"replies":[{"embeddable":true,"href":"https:\/\/hr.ancpi.ro\/hu\/wp-json\/wp\/v2\/comments?post=5865"}],"version-history":[{"count":3,"href":"https:\/\/hr.ancpi.ro\/hu\/wp-json\/wp\/v2\/pages\/5865\/revisions"}],"predecessor-version":[{"id":5873,"href":"https:\/\/hr.ancpi.ro\/hu\/wp-json\/wp\/v2\/pages\/5865\/revisions\/5873"}],"wp:attachment":[{"href":"https:\/\/hr.ancpi.ro\/hu\/wp-json\/wp\/v2\/media?parent=5865"}],"curies":[{"name":"wp","href":"https:\/\/api.w.org\/{rel}","templated":true}]}}