{"id":5847,"date":"2025-05-08T10:33:37","date_gmt":"2025-05-08T07:33:37","guid":{"rendered":"https:\/\/hr.ancpi.ro\/?page_id=5847"},"modified":"2025-05-08T10:44:36","modified_gmt":"2025-05-08T07:44:36","slug":"interes-public","status":"publish","type":"page","link":"https:\/\/hr.ancpi.ro\/hu\/interes-public\/","title":{"rendered":"K\u00f6z\u00e9rdek\u0171 inform\u00e1ci\u00f3k"},"content":{"rendered":"<p style=\"text-align: center;\"><a href=\"https:\/\/hr.ancpi.ro\/wp-content\/uploads\/2025\/05\/Informatii-de-interes-public-care-se-comunica-din-oficiu.pdf\" target=\"_blank\" rel=\"noopener\"><strong>Informatii de interes public care se comunica din oficiu<\/strong><\/a><\/p>\n<p style=\"text-align: center;\"><a href=\"https:\/\/hr.ancpi.ro\/wp-content\/uploads\/2025\/05\/Termene-pentru-raspunsuri-la-solicitari.pdf\" target=\"_blank\" rel=\"noopener\"><strong>Termene pentru raspunsuri la solicitari<\/strong><\/a><\/p>\n<p style=\"text-align: center;\"><strong>FORMULARE<\/strong><\/p>\n<p style=\"text-align: center;\" data-raofz=\"15\"><a href=\"https:\/\/hr.ancpi.ro\/wp-content\/uploads\/2025\/05\/Mode-1l-\u2013-reclamatie-administrativa-L-544.docx\">[download] Model 1 \u2013 reclamatie administrativa L 544<\/a><\/p>\n<p style=\"text-align: center;\" data-raofz=\"15\"><a href=\"https:\/\/hr.ancpi.ro\/wp-content\/uploads\/2025\/05\/Model-2-\u2013-reclamatie-administrativa-L-544.docx\">[download] Model 2 \u2013 reclamatie administrativa L 544<\/a><\/p>\n<p style=\"text-align: center;\" data-raofz=\"15\"><a href=\"https:\/\/hr.ancpi.ro\/wp-content\/uploads\/2025\/05\/Formular-tip-cerere-informatii-de-interes-public.docx\">[download] Formular tip cerere informatii de interes public<\/a><\/p>\n<p style=\"text-align: center;\"><strong>RAPOARTE LEGEA 544<\/strong><\/p>\n<p style=\"text-align: center;\"><a href=\"https:\/\/hr.ancpi.ro\/wp-content\/uploads\/2025\/05\/Raport-Legea-544-pentru-anul-2024.pdf\" target=\"_blank\" rel=\"noopener\">Raport Legea 544 pentru anul 2024<\/a><\/p>\n<p style=\"text-align: center;\"><a href=\"https:\/\/hr.ancpi.ro\/wp-content\/uploads\/2025\/05\/Raport-Legea-544-pentru-anul-2023.pdf\" target=\"_blank\" rel=\"noopener\">Raport Legea 544 pentru anul 2023<\/a><\/p>\n<p style=\"text-align: center;\"><a href=\"https:\/\/hr.ancpi.ro\/wp-content\/uploads\/2025\/05\/Raport-Legea-544-pentru-anul-2022.pdf\" target=\"_blank\" rel=\"noopener\">Raport Legea 544 pentru anul 2022<\/a><\/p>\n","protected":false},"excerpt":{"rendered":"<p>Informatii de interes public care se comunica din oficiu Termene pentru raspunsuri la solicitari FORMULARE [download] Model 1 \u2013 reclamatie administrativa L 544 [download] Model 2 \u2013 reclamatie administrativa L 544 [download] Formular tip cerere informatii de interes public RAPOARTE LEGEA 544 Raport Legea 544 pentru anul 2024 Raport Legea 544 pentru anul 2023 Raport [&hellip;]<\/p>\n","protected":false},"author":5,"featured_media":0,"parent":0,"menu_order":0,"comment_status":"closed","ping_status":"closed","template":"","meta":{"_exactmetrics_skip_tracking":false,"_exactmetrics_sitenote_active":false,"_exactmetrics_sitenote_note":"","_exactmetrics_sitenote_category":0,"footnotes":""},"class_list":["post-5847","page","type-page","status-publish","hentry"],"_links":{"self":[{"href":"https:\/\/hr.ancpi.ro\/hu\/wp-json\/wp\/v2\/pages\/5847","targetHints":{"allow":["GET"]}}],"collection":[{"href":"https:\/\/hr.ancpi.ro\/hu\/wp-json\/wp\/v2\/pages"}],"about":[{"href":"https:\/\/hr.ancpi.ro\/hu\/wp-json\/wp\/v2\/types\/page"}],"author":[{"embeddable":true,"href":"https:\/\/hr.ancpi.ro\/hu\/wp-json\/wp\/v2\/users\/5"}],"replies":[{"embeddable":true,"href":"https:\/\/hr.ancpi.ro\/hu\/wp-json\/wp\/v2\/comments?post=5847"}],"version-history":[{"count":5,"href":"https:\/\/hr.ancpi.ro\/hu\/wp-json\/wp\/v2\/pages\/5847\/revisions"}],"predecessor-version":[{"id":5858,"href":"https:\/\/hr.ancpi.ro\/hu\/wp-json\/wp\/v2\/pages\/5847\/revisions\/5858"}],"wp:attachment":[{"href":"https:\/\/hr.ancpi.ro\/hu\/wp-json\/wp\/v2\/media?parent=5847"}],"curies":[{"name":"wp","href":"https:\/\/api.w.org\/{rel}","templated":true}]}}