{"id":5361,"date":"2023-05-23T09:33:22","date_gmt":"2023-05-23T06:33:22","guid":{"rendered":"https:\/\/hr.ancpi.ro\/?page_id=5361"},"modified":"2023-05-23T09:39:46","modified_gmt":"2023-05-23T06:39:46","slug":"avertizor-de-integritate","status":"publish","type":"page","link":"https:\/\/hr.ancpi.ro\/hu\/avertizor-de-integritate\/","title":{"rendered":"Vissza\u00e9l\u00e9s-bejelent\u0151"},"content":{"rendered":"<p><span style=\"color: #0000ff;\"><strong><a style=\"color: #0000ff;\" href=\"https:\/\/hr.ancpi.ro\/wp-content\/uploads\/2023\/05\/Formular-de-avertizare-in-interes-public.pdf\" target=\"_blank\" rel=\"noopener\">link &#8211; Formular de avertizare in interes public<\/a><\/strong><\/span><\/p>\n<p>Persoanele care aleg s\u0103 se adreseze pe canalul intern OCPI Harghita \u2013 pentru a raporta \u00eenc\u0103lc\u0103ri ale legii, o pot face doar prin urm\u0103toarele modalit\u0103\u021bi:<\/p>\n<ul>\n<li>Prin email la adresa <span style=\"color: #0000ff;\"><strong><a style=\"color: #0000ff;\" href=\"mailto:avertizari.hr@ancpi.ro\">avertizari.hr@ancpi.ro<\/a><\/strong><\/span><\/li>\n<li>Telefonic la num\u0103rul: <span style=\"color: #0000ff;\"><strong>0266-371018<\/strong><\/span><\/li>\n<li>Prin intermediul serviciilor po\u0219tale la adresa <span style=\"color: #0000ff;\"><strong>Pia\u0163a Libert\u0103\u0163ii, nr. 5, Miercurea-Ciuc, jud. Harghita, cod po\u0219tal 530140,<\/strong><\/span> <span style=\"color: #0000ff;\">\u00cen aten\u021bia Comisiei cu atribu\u021bii \u00een ceea ce prive\u0219te primirea, inregistrarea, examinarea, efectuarea de ac\u021biuni subsecvente \u0219i solu\u021bionarea raport\u0103rilor<\/span><\/li>\n<li>Personal, prin prezen\u021ba la sediul <span style=\"color: #0000ff;\"><strong>OCPI Harghita \u2013Pia\u0163a Libert\u0103\u0163ii, nr. 5, Miercurea-Ciuc<\/strong><\/span>&#8211; cu programarea prealabil\u0103 efectuat\u0103 la adresa de email.<\/li>\n<\/ul>","protected":false},"excerpt":{"rendered":"<p>link &#8211; Formular de avertizare in interes public Persoanele care aleg s\u0103 se adreseze pe canalul intern OCPI Harghita \u2013 pentru a raporta \u00eenc\u0103lc\u0103ri ale legii, o pot face doar prin urm\u0103toarele modalit\u0103\u021bi: Prin email la adresa avertizari.hr@ancpi.ro Telefonic la num\u0103rul: 0266-371018 Prin intermediul serviciilor po\u0219tale la adresa Pia\u0163a Libert\u0103\u0163ii, nr. 5, Miercurea-Ciuc, jud. Harghita, [&hellip;]<\/p>\n","protected":false},"author":5,"featured_media":0,"parent":0,"menu_order":0,"comment_status":"closed","ping_status":"closed","template":"","meta":{"_exactmetrics_skip_tracking":false,"_exactmetrics_sitenote_active":false,"_exactmetrics_sitenote_note":"","_exactmetrics_sitenote_category":0,"footnotes":""},"class_list":["post-5361","page","type-page","status-publish","hentry"],"_links":{"self":[{"href":"https:\/\/hr.ancpi.ro\/hu\/wp-json\/wp\/v2\/pages\/5361","targetHints":{"allow":["GET"]}}],"collection":[{"href":"https:\/\/hr.ancpi.ro\/hu\/wp-json\/wp\/v2\/pages"}],"about":[{"href":"https:\/\/hr.ancpi.ro\/hu\/wp-json\/wp\/v2\/types\/page"}],"author":[{"embeddable":true,"href":"https:\/\/hr.ancpi.ro\/hu\/wp-json\/wp\/v2\/users\/5"}],"replies":[{"embeddable":true,"href":"https:\/\/hr.ancpi.ro\/hu\/wp-json\/wp\/v2\/comments?post=5361"}],"version-history":[{"count":4,"href":"https:\/\/hr.ancpi.ro\/hu\/wp-json\/wp\/v2\/pages\/5361\/revisions"}],"predecessor-version":[{"id":5367,"href":"https:\/\/hr.ancpi.ro\/hu\/wp-json\/wp\/v2\/pages\/5361\/revisions\/5367"}],"wp:attachment":[{"href":"https:\/\/hr.ancpi.ro\/hu\/wp-json\/wp\/v2\/media?parent=5361"}],"curies":[{"name":"wp","href":"https:\/\/api.w.org\/{rel}","templated":true}]}}