{"id":5306,"date":"2023-03-02T11:01:45","date_gmt":"2023-03-02T09:01:45","guid":{"rendered":"https:\/\/hr.ancpi.ro\/?page_id=5306"},"modified":"2025-11-04T08:08:28","modified_gmt":"2025-11-04T06:08:28","slug":"buletin-informativ","status":"publish","type":"page","link":"https:\/\/hr.ancpi.ro\/hu\/buletin-informativ\/","title":{"rendered":"T\u00e1j\u00e9koztat\u00f3 k\u00f6zlem\u00e9ny"},"content":{"rendered":"<ul>\n<li style=\"list-style-type: none\">\n<ul>\n<li><a href=\"https:\/\/hr.ancpi.ro\/wp-content\/uploads\/2023\/03\/LISTA-CUPRINZAND-CATEGORIILE-DE-DOCUMENTE-PRODUSE.pdf\" target=\"_blank\" rel=\"noopener\">Lista cuprinz\u00e2nd categoriile de documente produse \u0219i\/sau gestionate potrivit legii, de OCPI Harghita<\/a><\/li>\n<li><a href=\"https:\/\/hr.ancpi.ro\/wp-content\/uploads\/2024\/10\/Obiective-generale-specifice-indicatori-OCPI-Hr-2022-2026.pdf\" target=\"_blank\" rel=\"noopener\">Obiective generale, obiective specifice, indicatori de performan\u0163\u0103 pentru perioada 2022 \u2013 2026 al OCPI\u00a0Harghita<\/a><\/li>\n<li><a href=\"https:\/\/hr.ancpi.ro\/wp-content\/uploads\/2023\/03\/MODALITATEA-DE-CONTESTARE-A-DECIZIEI-AUTORITATII-SAU-A-INSTITUTIEI-PUBLICE.pdf\" target=\"_blank\" rel=\"noopener\">Modalitatea de contestare a deciziei autorit\u0103\u0163ii sau a institu\u0163iei publice \u00een situa\u0163ia \u00een care persoana se consider\u0103 v\u0103t\u0103mat\u0103 \u00een privin\u0163a dreptului de \u00a0acces la informa\u0163iile de interes public<\/a><\/li>\n<li><a href=\"https:\/\/hr.ancpi.ro\/wp-content\/uploads\/2023\/03\/INFORMARE-avertizare-in-interes-public.pdf\" target=\"_blank\" rel=\"noopener\">Informare avertizare in interes public<\/a><\/li>\n<li><a href=\"https:\/\/hr.ancpi.ro\/wp-content\/uploads\/2023\/03\/Declaratia-Directorului-General-al-ANCPI-privind-politica-referitoare-la-calitate.pdf\" target=\"_blank\" rel=\"noopener\">Declara\u021bia Directorului General al ANCPI privind politica referitoare la calitate<\/a><\/li>\n<\/ul>\n<\/li>\n<\/ul>\n<p>&nbsp;<\/p>\n<p>&nbsp;<\/p>","protected":false},"excerpt":{"rendered":"<p>Lista cuprinz\u00e2nd categoriile de documente produse \u0219i\/sau gestionate potrivit legii, de OCPI Harghita Obiective generale, obiective specifice, indicatori de performan\u0163\u0103 pentru perioada 2022 \u2013 2026 al OCPI\u00a0Harghita Modalitatea de contestare a deciziei autorit\u0103\u0163ii sau a institu\u0163iei publice \u00een situa\u0163ia \u00een care persoana se consider\u0103 v\u0103t\u0103mat\u0103 \u00een privin\u0163a dreptului de \u00a0acces la informa\u0163iile de interes public [&hellip;]<\/p>\n","protected":false},"author":5,"featured_media":0,"parent":0,"menu_order":0,"comment_status":"closed","ping_status":"closed","template":"","meta":{"_exactmetrics_skip_tracking":false,"_exactmetrics_sitenote_active":false,"_exactmetrics_sitenote_note":"","_exactmetrics_sitenote_category":0,"footnotes":""},"class_list":["post-5306","page","type-page","status-publish","hentry"],"_links":{"self":[{"href":"https:\/\/hr.ancpi.ro\/hu\/wp-json\/wp\/v2\/pages\/5306","targetHints":{"allow":["GET"]}}],"collection":[{"href":"https:\/\/hr.ancpi.ro\/hu\/wp-json\/wp\/v2\/pages"}],"about":[{"href":"https:\/\/hr.ancpi.ro\/hu\/wp-json\/wp\/v2\/types\/page"}],"author":[{"embeddable":true,"href":"https:\/\/hr.ancpi.ro\/hu\/wp-json\/wp\/v2\/users\/5"}],"replies":[{"embeddable":true,"href":"https:\/\/hr.ancpi.ro\/hu\/wp-json\/wp\/v2\/comments?post=5306"}],"version-history":[{"count":5,"href":"https:\/\/hr.ancpi.ro\/hu\/wp-json\/wp\/v2\/pages\/5306\/revisions"}],"predecessor-version":[{"id":5922,"href":"https:\/\/hr.ancpi.ro\/hu\/wp-json\/wp\/v2\/pages\/5306\/revisions\/5922"}],"wp:attachment":[{"href":"https:\/\/hr.ancpi.ro\/hu\/wp-json\/wp\/v2\/media?parent=5306"}],"curies":[{"name":"wp","href":"https:\/\/api.w.org\/{rel}","templated":true}]}}