{"id":5272,"date":"2023-01-19T13:35:57","date_gmt":"2023-01-19T11:35:57","guid":{"rendered":"https:\/\/hr.ancpi.ro\/?page_id=5272"},"modified":"2026-01-22T12:26:40","modified_gmt":"2026-01-22T10:26:40","slug":"rapoarte-de-activitate","status":"publish","type":"page","link":"https:\/\/hr.ancpi.ro\/hu\/rapoarte-de-activitate\/","title":{"rendered":"Tev\u00e9kenys\u00e9gi besz\u00e1mol\u00f3k"},"content":{"rendered":"<ul>\n<li style=\"text-align: center;\"><a href=\"https:\/\/hr.ancpi.ro\/wp-content\/uploads\/2026\/01\/RAPORT-ANUAL-2025-OCPI-HR.pdf\" target=\"_blank\" rel=\"noopener\">RAPORTUL DE ACTIVITATE AL OFICIULUI DE CADASTRU \u015eI PUBLICITATE IMOBILIAR\u0102 HARGHITA PENTRU ANUL 2025<\/a><\/li>\n<li style=\"text-align: center;\"><a href=\"https:\/\/hr.ancpi.ro\/wp-content\/uploads\/2025\/01\/RAPORT-ANUAL-2024-OCPI-HR.pdf\" target=\"_blank\" rel=\"noopener\">RAPORTUL DE ACTIVITATE AL OFICIULUI DE CADASTRU \u015eI PUBLICITATE IMOBILIAR\u0102 HARGHITA PENTRU ANUL 2024<\/a><\/li>\n<li style=\"text-align: center;\"><a href=\"https:\/\/hr.ancpi.ro\/wp-content\/uploads\/2024\/01\/RAPORT-ANUAL-2023-OCPI-HR.pdf\" target=\"_blank\" rel=\"noopener\">RAPORTUL DE ACTIVITATE AL OFICIULUI DE CADASTRU \u015eI PUBLICITATE IMOBILIAR\u0102 HARGHITA PENTRU ANUL 2023<\/a><\/li>\n<li style=\"text-align: center;\"><a href=\"https:\/\/hr.ancpi.ro\/wp-content\/uploads\/2023\/01\/FINAL-RAPORT-ANUAL-2022-OCPI-HR.pdf\" target=\"_blank\" rel=\"noopener\">RAPORTUL DE ACTIVITATE AL OFICIULUI DE CADASTRU \u015eI PUBLICITATE IMOBILIAR\u0102 HARGHITA PENTRU ANUL 2022<\/a><\/li>\n<\/ul>","protected":false},"excerpt":{"rendered":"<p>RAPORTUL DE ACTIVITATE AL OFICIULUI DE CADASTRU \u015eI PUBLICITATE IMOBILIAR\u0102 HARGHITA PENTRU ANUL 2025 RAPORTUL DE ACTIVITATE AL OFICIULUI DE CADASTRU \u015eI PUBLICITATE IMOBILIAR\u0102 HARGHITA PENTRU ANUL 2024 RAPORTUL DE ACTIVITATE AL OFICIULUI DE CADASTRU \u015eI PUBLICITATE IMOBILIAR\u0102 HARGHITA PENTRU ANUL 2023 RAPORTUL DE ACTIVITATE AL OFICIULUI DE CADASTRU \u015eI PUBLICITATE IMOBILIAR\u0102 HARGHITA PENTRU ANUL [&hellip;]<\/p>\n","protected":false},"author":5,"featured_media":0,"parent":0,"menu_order":0,"comment_status":"closed","ping_status":"closed","template":"","meta":{"_exactmetrics_skip_tracking":false,"_exactmetrics_sitenote_active":false,"_exactmetrics_sitenote_note":"","_exactmetrics_sitenote_category":0,"footnotes":""},"class_list":["post-5272","page","type-page","status-publish","hentry"],"_links":{"self":[{"href":"https:\/\/hr.ancpi.ro\/hu\/wp-json\/wp\/v2\/pages\/5272","targetHints":{"allow":["GET"]}}],"collection":[{"href":"https:\/\/hr.ancpi.ro\/hu\/wp-json\/wp\/v2\/pages"}],"about":[{"href":"https:\/\/hr.ancpi.ro\/hu\/wp-json\/wp\/v2\/types\/page"}],"author":[{"embeddable":true,"href":"https:\/\/hr.ancpi.ro\/hu\/wp-json\/wp\/v2\/users\/5"}],"replies":[{"embeddable":true,"href":"https:\/\/hr.ancpi.ro\/hu\/wp-json\/wp\/v2\/comments?post=5272"}],"version-history":[{"count":5,"href":"https:\/\/hr.ancpi.ro\/hu\/wp-json\/wp\/v2\/pages\/5272\/revisions"}],"predecessor-version":[{"id":5963,"href":"https:\/\/hr.ancpi.ro\/hu\/wp-json\/wp\/v2\/pages\/5272\/revisions\/5963"}],"wp:attachment":[{"href":"https:\/\/hr.ancpi.ro\/hu\/wp-json\/wp\/v2\/media?parent=5272"}],"curies":[{"name":"wp","href":"https:\/\/api.w.org\/{rel}","templated":true}]}}