{"id":5233,"date":"2022-12-20T09:42:55","date_gmt":"2022-12-20T07:42:55","guid":{"rendered":"https:\/\/hr.ancpi.ro\/?page_id=5233"},"modified":"2025-12-03T12:09:44","modified_gmt":"2025-12-03T10:09:44","slug":"pnccf-2","status":"publish","type":"page","link":"https:\/\/hr.ancpi.ro\/hu\/pnccf-2\/","title":{"rendered":"PNCCF"},"content":{"rendered":"<p style=\"text-align: center;\"><span style=\"color: #3366ff;\"><strong><a style=\"color: #3366ff;\" href=\"http:\/\/www.ancpi.ro\/pnccf_docs2\/index.php?dir=Harghita\" target=\"_blank\" rel=\"noopener\">Hargita megyei k\u00f6zigazgat\u00e1si ter\u00fcleti egys\u00e9gek\/kataszteri szektorok, amelyekben \u00e1ltal\u00e1nos kataszteri munk\u00e1latok zajlanak\/zajlottak<\/a><\/strong><\/span><\/p>\n<p style=\"text-align: center;\"><span style=\"color: #3366ff;\"><strong><a style=\"color: #3366ff;\" href=\"http:\/\/www.ancpi.ro\/pnccf_docs\/?dir=Harghita\" target=\"_blank\" rel=\"noopener\">A Hargita megyei \u00e1ltal\u00e1nos kataszteri munk\u00e1latok m\u0171szaki dokumentumainak k\u00f6zz\u00e9t\u00e9tele a tulajdonosok \u00e1ltali ellen\u0151rz\u00e9s, illetve helyesb\u00edt\u00e9si k\u00e9relmek beny\u00fajt\u00e1s\u00e1nak c\u00e9lj\u00e1b\u00f3l.<\/a><\/strong><\/span><\/p>\n<p>&nbsp;<\/p>\n<p style=\"text-align: center;\"><a href=\"https:\/\/hr.ancpi.ro\/wp-content\/uploads\/2025\/12\/STADIUL-PNCCF-1-decembrie-2025.pdf\" target=\"_blank\" rel=\"noopener\">Stadiul PNCCF &#8211; 01 decembrie 2025<\/a><\/p>\n<p style=\"text-align: center;\"><a href=\"https:\/\/hr.ancpi.ro\/wp-content\/uploads\/2025\/12\/Prezentare_cadgen-01_12-.2025.pdf\" target=\"_blank\" rel=\"noopener\">Prezentare cadgen 01.12.2025<\/a><\/p>\n<p style=\"text-align: center;\"><a href=\"https:\/\/hr.ancpi.ro\/wp-content\/uploads\/2025\/12\/Prezentare_cadgen-01_12_2025_cu-reziliate.pdf\" target=\"_blank\" rel=\"noopener\">Prezentare cadgen 01.12.2025 contracte reziliate<\/a><\/p>","protected":false},"excerpt":{"rendered":"<p>Informare public\u0103 privind Unit\u0103\u021bile Administrativ Teritoriale sau sectoarele cadastrale \u00een care se deruleaz\u0103 sau au fost finalizate lucr\u0103ri de \u00eenregistrare sistematic\u0103 \u00een jude\u021bul Harghita. Informare privind afi\u0219area public\u0103 a documentelor tehnice ale cadastrului realizate la nivelul Unit\u0103\u021bilor Administrativ Teritoriale sau la nivel de sectoare cadastrale \u00een vederea verific\u0103rii \u0219i\/sau\u00a0 formul\u0103rii cererilor de rectificare de c\u0103tre [&hellip;]<\/p>\n","protected":false},"author":5,"featured_media":0,"parent":0,"menu_order":0,"comment_status":"closed","ping_status":"closed","template":"","meta":{"_exactmetrics_skip_tracking":false,"_exactmetrics_sitenote_active":false,"_exactmetrics_sitenote_note":"","_exactmetrics_sitenote_category":0,"footnotes":""},"class_list":["post-5233","page","type-page","status-publish","hentry"],"_links":{"self":[{"href":"https:\/\/hr.ancpi.ro\/hu\/wp-json\/wp\/v2\/pages\/5233","targetHints":{"allow":["GET"]}}],"collection":[{"href":"https:\/\/hr.ancpi.ro\/hu\/wp-json\/wp\/v2\/pages"}],"about":[{"href":"https:\/\/hr.ancpi.ro\/hu\/wp-json\/wp\/v2\/types\/page"}],"author":[{"embeddable":true,"href":"https:\/\/hr.ancpi.ro\/hu\/wp-json\/wp\/v2\/users\/5"}],"replies":[{"embeddable":true,"href":"https:\/\/hr.ancpi.ro\/hu\/wp-json\/wp\/v2\/comments?post=5233"}],"version-history":[{"count":5,"href":"https:\/\/hr.ancpi.ro\/hu\/wp-json\/wp\/v2\/pages\/5233\/revisions"}],"predecessor-version":[{"id":5948,"href":"https:\/\/hr.ancpi.ro\/hu\/wp-json\/wp\/v2\/pages\/5233\/revisions\/5948"}],"wp:attachment":[{"href":"https:\/\/hr.ancpi.ro\/hu\/wp-json\/wp\/v2\/media?parent=5233"}],"curies":[{"name":"wp","href":"https:\/\/api.w.org\/{rel}","templated":true}]}}