{"id":5029,"date":"2022-10-19T13:15:15","date_gmt":"2022-10-19T10:15:15","guid":{"rendered":"https:\/\/hr.ancpi.ro\/?page_id=5029"},"modified":"2022-10-20T11:02:24","modified_gmt":"2022-10-20T08:02:24","slug":"por","status":"publish","type":"page","link":"https:\/\/hr.ancpi.ro\/hu\/por\/","title":{"rendered":"POR"},"content":{"rendered":"<h1 data-raofz=\"35\">Consultarea de pia\u0163\u0103<\/h1>\n<p data-raofz=\"15\">Informa\u0163ii detaliate privind consultarea de pia\u0163\u0103 se reg\u0103sesc la:\u00a0<span data-raofz=\"15\"><strong><a role=\"link\" href=\"https:\/\/www.ancpi.ro\/anunt-por\/\" data-raofz=\"15\">https:\/www.ancpi.ro\/anunt-por<\/a><\/strong><\/span>\u00a0\u015fi , unde pute\u0163i g\u0103si urm\u0103toarele documentele:<\/p>\n<ul>\n<li data-raofz=\"15\"><strong>Anun\u0163ul privind consultarea de pia\u0163\u0103<\/strong><\/li>\n<li data-raofz=\"15\"><strong>Nominalizarea UAT\u00b7urilor<\/strong><\/li>\n<li data-raofz=\"15\"><strong>Specifica\u0163iile tehnice preluate din Regulamentul privind realizarea verificarea \u015fi recep\u0163ia lucr\u0103rilor sistematice de cadastru \u015fi \u00eenscrierea din oficiu a imobilelor \u00een cartea funciar\u0103.<\/strong><\/li>\n<\/ul>","protected":false},"excerpt":{"rendered":"<p>Consultarea de pia\u0163\u0103 Informa\u0163ii detaliate privind consultarea de pia\u0163\u0103 se reg\u0103sesc la:\u00a0https:\/www.ancpi.ro\/anunt-por\u00a0\u015fi , unde pute\u0163i g\u0103si urm\u0103toarele documentele: Anun\u0163ul privind consultarea de pia\u0163\u0103 Nominalizarea UAT\u00b7urilor Specifica\u0163iile tehnice preluate din Regulamentul privind realizarea verificarea \u015fi recep\u0163ia lucr\u0103rilor sistematice de cadastru \u015fi \u00eenscrierea din oficiu a imobilelor \u00een cartea funciar\u0103.<\/p>","protected":false},"author":5,"featured_media":0,"parent":0,"menu_order":0,"comment_status":"closed","ping_status":"closed","template":"","meta":{"_exactmetrics_skip_tracking":false,"_exactmetrics_sitenote_active":false,"_exactmetrics_sitenote_note":"","_exactmetrics_sitenote_category":0,"footnotes":""},"class_list":["post-5029","page","type-page","status-publish","hentry"],"_links":{"self":[{"href":"https:\/\/hr.ancpi.ro\/hu\/wp-json\/wp\/v2\/pages\/5029","targetHints":{"allow":["GET"]}}],"collection":[{"href":"https:\/\/hr.ancpi.ro\/hu\/wp-json\/wp\/v2\/pages"}],"about":[{"href":"https:\/\/hr.ancpi.ro\/hu\/wp-json\/wp\/v2\/types\/page"}],"author":[{"embeddable":true,"href":"https:\/\/hr.ancpi.ro\/hu\/wp-json\/wp\/v2\/users\/5"}],"replies":[{"embeddable":true,"href":"https:\/\/hr.ancpi.ro\/hu\/wp-json\/wp\/v2\/comments?post=5029"}],"version-history":[{"count":2,"href":"https:\/\/hr.ancpi.ro\/hu\/wp-json\/wp\/v2\/pages\/5029\/revisions"}],"predecessor-version":[{"id":5066,"href":"https:\/\/hr.ancpi.ro\/hu\/wp-json\/wp\/v2\/pages\/5029\/revisions\/5066"}],"wp:attachment":[{"href":"https:\/\/hr.ancpi.ro\/hu\/wp-json\/wp\/v2\/media?parent=5029"}],"curies":[{"name":"wp","href":"https:\/\/api.w.org\/{rel}","templated":true}]}}