{"id":4924,"date":"2022-10-17T14:06:00","date_gmt":"2022-10-17T11:06:00","guid":{"rendered":"https:\/\/hr.ancpi.ro\/?page_id=4924"},"modified":"2024-10-02T14:59:04","modified_gmt":"2024-10-02T11:59:04","slug":"rof","status":"publish","type":"page","link":"https:\/\/hr.ancpi.ro\/hu\/rof\/","title":{"rendered":"Szervez\u00e9si \u00e9s m\u0171k\u00f6d\u00e9si szab\u00e1lyzat"},"content":{"rendered":"<a href=\"https:\/\/hr.ancpi.ro\/wp-content\/uploads\/2024\/10\/ROF-2024.pdf\" class=\"pdfemb-viewer\" style=\"\" data-width=\"max\" data-height=\"max\" data-toolbar=\"bottom\" data-toolbar-fixed=\"off\">ROF 2015<\/a>","protected":false},"excerpt":{"rendered":"","protected":false},"author":5,"featured_media":0,"parent":0,"menu_order":0,"comment_status":"closed","ping_status":"closed","template":"","meta":{"_exactmetrics_skip_tracking":false,"_exactmetrics_sitenote_active":false,"_exactmetrics_sitenote_note":"","_exactmetrics_sitenote_category":0,"footnotes":""},"class_list":["post-4924","page","type-page","status-publish","hentry"],"_links":{"self":[{"href":"https:\/\/hr.ancpi.ro\/hu\/wp-json\/wp\/v2\/pages\/4924","targetHints":{"allow":["GET"]}}],"collection":[{"href":"https:\/\/hr.ancpi.ro\/hu\/wp-json\/wp\/v2\/pages"}],"about":[{"href":"https:\/\/hr.ancpi.ro\/hu\/wp-json\/wp\/v2\/types\/page"}],"author":[{"embeddable":true,"href":"https:\/\/hr.ancpi.ro\/hu\/wp-json\/wp\/v2\/users\/5"}],"replies":[{"embeddable":true,"href":"https:\/\/hr.ancpi.ro\/hu\/wp-json\/wp\/v2\/comments?post=4924"}],"version-history":[{"count":3,"href":"https:\/\/hr.ancpi.ro\/hu\/wp-json\/wp\/v2\/pages\/4924\/revisions"}],"predecessor-version":[{"id":5700,"href":"https:\/\/hr.ancpi.ro\/hu\/wp-json\/wp\/v2\/pages\/4924\/revisions\/5700"}],"wp:attachment":[{"href":"https:\/\/hr.ancpi.ro\/hu\/wp-json\/wp\/v2\/media?parent=4924"}],"curies":[{"name":"wp","href":"https:\/\/api.w.org\/{rel}","templated":true}]}}