{"id":4918,"date":"2022-10-17T14:04:17","date_gmt":"2022-10-17T11:04:17","guid":{"rendered":"https:\/\/hr.ancpi.ro\/?page_id=4918"},"modified":"2025-06-18T08:32:58","modified_gmt":"2025-06-18T05:32:58","slug":"organigrama","status":"publish","type":"page","link":"https:\/\/hr.ancpi.ro\/hu\/organigrama\/","title":{"rendered":"Szervezeti fel\u00e9p\u00edt\u00e9s"},"content":{"rendered":"<a href=\"https:\/\/hr.ancpi.ro\/wp-content\/uploads\/2025\/06\/organigrama-OCPI-Harghita-iunie-2025.pdf\" class=\"pdfemb-viewer\" style=\"\" data-width=\"max\" data-height=\"max\" data-toolbar=\"bottom\" data-toolbar-fixed=\"off\">organigrama-HR nou 17.06.2025<\/a>","protected":false},"excerpt":{"rendered":"","protected":false},"author":5,"featured_media":0,"parent":0,"menu_order":0,"comment_status":"closed","ping_status":"closed","template":"","meta":{"_exactmetrics_skip_tracking":false,"_exactmetrics_sitenote_active":false,"_exactmetrics_sitenote_note":"","_exactmetrics_sitenote_category":0,"footnotes":""},"class_list":["post-4918","page","type-page","status-publish","hentry"],"_links":{"self":[{"href":"https:\/\/hr.ancpi.ro\/hu\/wp-json\/wp\/v2\/pages\/4918","targetHints":{"allow":["GET"]}}],"collection":[{"href":"https:\/\/hr.ancpi.ro\/hu\/wp-json\/wp\/v2\/pages"}],"about":[{"href":"https:\/\/hr.ancpi.ro\/hu\/wp-json\/wp\/v2\/types\/page"}],"author":[{"embeddable":true,"href":"https:\/\/hr.ancpi.ro\/hu\/wp-json\/wp\/v2\/users\/5"}],"replies":[{"embeddable":true,"href":"https:\/\/hr.ancpi.ro\/hu\/wp-json\/wp\/v2\/comments?post=4918"}],"version-history":[{"count":5,"href":"https:\/\/hr.ancpi.ro\/hu\/wp-json\/wp\/v2\/pages\/4918\/revisions"}],"predecessor-version":[{"id":5900,"href":"https:\/\/hr.ancpi.ro\/hu\/wp-json\/wp\/v2\/pages\/4918\/revisions\/5900"}],"wp:attachment":[{"href":"https:\/\/hr.ancpi.ro\/hu\/wp-json\/wp\/v2\/media?parent=4918"}],"curies":[{"name":"wp","href":"https:\/\/api.w.org\/{rel}","templated":true}]}}