{"id":4900,"date":"2022-10-17T12:05:46","date_gmt":"2022-10-17T09:05:46","guid":{"rendered":"https:\/\/hr.ancpi.ro\/?page_id=4900"},"modified":"2022-10-18T13:40:59","modified_gmt":"2022-10-18T10:40:59","slug":"arondare-ua-uri-la-bcpiu-uri","status":"publish","type":"page","link":"https:\/\/hr.ancpi.ro\/hu\/arondare-ua-uri-la-bcpiu-uri\/","title":{"rendered":"Ter\u00fcleti iroda\/k\u00f6zigazgat\u00e1si egys\u00e9gek"},"content":{"rendered":"<a href=\"https:\/\/hr.ancpi.ro\/wp-content\/uploads\/2022\/10\/bcpi.pdf\" class=\"pdfemb-viewer\" style=\"\" data-width=\"max\" data-height=\"max\" data-toolbar=\"bottom\" data-toolbar-fixed=\"off\">bcpi<\/a>","protected":false},"excerpt":{"rendered":"","protected":false},"author":5,"featured_media":0,"parent":0,"menu_order":0,"comment_status":"closed","ping_status":"closed","template":"","meta":{"_exactmetrics_skip_tracking":false,"_exactmetrics_sitenote_active":false,"_exactmetrics_sitenote_note":"","_exactmetrics_sitenote_category":0,"footnotes":""},"class_list":["post-4900","page","type-page","status-publish","hentry"],"_links":{"self":[{"href":"https:\/\/hr.ancpi.ro\/hu\/wp-json\/wp\/v2\/pages\/4900","targetHints":{"allow":["GET"]}}],"collection":[{"href":"https:\/\/hr.ancpi.ro\/hu\/wp-json\/wp\/v2\/pages"}],"about":[{"href":"https:\/\/hr.ancpi.ro\/hu\/wp-json\/wp\/v2\/types\/page"}],"author":[{"embeddable":true,"href":"https:\/\/hr.ancpi.ro\/hu\/wp-json\/wp\/v2\/users\/5"}],"replies":[{"embeddable":true,"href":"https:\/\/hr.ancpi.ro\/hu\/wp-json\/wp\/v2\/comments?post=4900"}],"version-history":[{"count":5,"href":"https:\/\/hr.ancpi.ro\/hu\/wp-json\/wp\/v2\/pages\/4900\/revisions"}],"predecessor-version":[{"id":4999,"href":"https:\/\/hr.ancpi.ro\/hu\/wp-json\/wp\/v2\/pages\/4900\/revisions\/4999"}],"wp:attachment":[{"href":"https:\/\/hr.ancpi.ro\/hu\/wp-json\/wp\/v2\/media?parent=4900"}],"curies":[{"name":"wp","href":"https:\/\/api.w.org\/{rel}","templated":true}]}}