{"id":1598,"date":"2018-09-27T12:01:15","date_gmt":"2018-09-27T12:01:15","guid":{"rendered":"http:\/\/testare.ga\/ancpi\/?page_id=1598"},"modified":"2025-05-08T08:33:46","modified_gmt":"2025-05-08T05:33:46","slug":"formulare","status":"publish","type":"page","link":"https:\/\/hr.ancpi.ro\/hu\/formulare\/","title":{"rendered":"Formulare tipizate, cereri, anexe"},"content":{"rendered":"<p data-raofz=\"15\"><a href=\"https:\/\/hr.ancpi.ro\/wp-content\/uploads\/2025\/05\/Mode-1l-\u2013-reclamatie-administrativa-L-544.docx\">[download] Model 1 \u2013 reclamatie administrativa L 544<\/a><\/p>\n<p data-raofz=\"15\"><a href=\"https:\/\/hr.ancpi.ro\/wp-content\/uploads\/2025\/05\/Model-2-\u2013-reclamatie-administrativa-L-544.docx\">[download] Model 2 \u2013 reclamatie administrativa L 544<\/a><\/p>\n<p data-raofz=\"15\"><a href=\"https:\/\/hr.ancpi.ro\/wp-content\/uploads\/2025\/05\/Formular-tip-cerere-informatii-de-interes-public.docx\">[download] Formular tip cerere informatii de interes public<\/a><\/p>\n<p data-raofz=\"15\"><a href=\"https:\/\/hr.ancpi.ro\/wp-content\/uploads\/2022\/10\/Anexa1_restituiri.pdf\">[download] Anexa 1 FORMULAR CERERE RESTITUIRE SUME INCASATE NECUVENIT DE CATRE ANCPI\/OCPI<\/a><\/p>\n<p data-raofz=\"15\"><a href=\"https:\/\/hr.ancpi.ro\/wp-content\/uploads\/2022\/10\/Anexa1.1condominiu.doc\">[download] Anexa 1.1 Registrul cadastral al imobilelor (condominiu)<\/a><\/p>\n<p data-raofz=\"15\"><a role=\"link\" href=\"https:\/\/hr.ancpi.ro\/wp-content\/uploads\/2022\/10\/Anexa1.1imobil.doc\" data-raofz=\"15\">[download] Anexa 1.1 Registrul cadastral al imobilelor (fi\u0219a colectiv\u0103 condominiu a unit\u0103\u021bi individuale)<\/a><\/p>\n<p data-raofz=\"15\">[download] Anexa 1.1 Registrul cadastral al imobilelor (teren)<\/p>\n<p data-raofz=\"15\"><a role=\"link\" href=\"https:\/\/hr.ancpi.ro\/wp-content\/uploads\/2022\/10\/Anexa1.2Opis.doc\" data-raofz=\"15\">[download] Anexa 1.2 Opisul alfabetic al titularilor drepturilor reale de proprietate, al posesorilor \u0219i a altor de\u021bin\u0103tori<\/a><\/p>\n<p data-raofz=\"15\"><a role=\"link\" href=\"https:\/\/hr.ancpi.ro\/wp-content\/uploads\/2022\/10\/Anexa1.3releveu.doc\" data-raofz=\"15\">[download] Anexa 1.3 Model pentru publicare releveu unitate individual\u0103<\/a><\/p>\n<p data-raofz=\"15\"><a role=\"link\" href=\"https:\/\/hr.ancpi.ro\/wp-content\/uploads\/2022\/10\/Anexa1.4.doc\" data-raofz=\"15\">[download] Anexa 1.4 Formular proces verbal de publicare a documentelor tehnice ale cadastrului<\/a><\/p>\n<p data-raofz=\"15\"><a role=\"link\" href=\"https:\/\/hr.ancpi.ro\/wp-content\/uploads\/2022\/10\/Anexa1.5.doc\" data-raofz=\"15\">[download] Anexa 1.5 Formular proces verbal de \u00eencheiere a perioadei de publicare a documentelor tehnice ale cadastrului<\/a><\/p>\n<p data-raofz=\"15\"><a role=\"link\" href=\"https:\/\/hr.ancpi.ro\/wp-content\/uploads\/2022\/10\/Anexa1.6.doc\" data-raofz=\"15\">[download] Anexa 1.6 Formular cerere de rectificare<\/a><\/p>\n<p data-raofz=\"15\"><a role=\"link\" href=\"https:\/\/hr.ancpi.ro\/wp-content\/uploads\/2022\/10\/Anexa1.8.doc\" data-raofz=\"15\">[download] Anexa 1.8 Formular de proces verbal de solu\u021bionare a cererii de rectificare<\/a><\/p>\n<p data-raofz=\"15\"><a role=\"link\" href=\"https:\/\/hr.ancpi.ro\/wp-content\/uploads\/2022\/10\/Anexa1.11.doc\" data-raofz=\"15\">[download] Anexa 1.11 Cerere pentru consultare documente din arhiv\u0103<\/a><\/p>\n<p data-raofz=\"15\"><a role=\"link\" href=\"https:\/\/hr.ancpi.ro\/wp-content\/uploads\/2022\/10\/Anexa1.12.doc\" data-raofz=\"15\">[download] Anexa 1.12 Comunicarea \u00eencheierii (ghi\u0219eu)<\/a><\/p>\n<p data-raofz=\"15\"><a role=\"link\" href=\"https:\/\/hr.ancpi.ro\/wp-content\/uploads\/2022\/10\/Anexa1.13.doc\" data-raofz=\"15\">[download] Anexa 1.13 Comunicarea \u00eencheierii (po\u0219t\u0103)<\/a><\/p>\n<p data-raofz=\"15\"><a role=\"link\" href=\"https:\/\/hr.ancpi.ro\/wp-content\/uploads\/2022\/10\/Anexa1.14.doc\" data-raofz=\"15\">[download] Anexa 1.14 Extras de carte funciar\u0103 pentru autentificare<\/a><\/p>\n<p data-raofz=\"15\"><a role=\"link\" href=\"https:\/\/hr.ancpi.ro\/wp-content\/uploads\/2022\/10\/Anexa1.15.doc\" data-raofz=\"15\">[download] Anexa 1.15 Extras de carte funciar\u0103 pentru informare<\/a><\/p>\n<p data-raofz=\"15\"><a role=\"link\" href=\"https:\/\/hr.ancpi.ro\/wp-content\/uploads\/2022\/10\/Anexa1.16.doc\" data-raofz=\"15\">[download] Anexa 1.16 Extras de carte funciar\u0103 pentru autentificare<\/a><\/p>\n<p data-raofz=\"15\"><a role=\"link\" href=\"https:\/\/hr.ancpi.ro\/wp-content\/uploads\/2022\/10\/Anexa1.17.doc\" data-raofz=\"15\">[download] Anexa 1.17 Extras de carte funciar\u0103 pentru informare<\/a><\/p>\n<p data-raofz=\"15\"><a role=\"link\" href=\"https:\/\/hr.ancpi.ro\/wp-content\/uploads\/2022\/10\/Anexa1.18.doc\" data-raofz=\"15\">[download] Anexa 1.18 \u00cencheiere de reexaminare<\/a><\/p>\n<p data-raofz=\"15\"><a href=\"https:\/\/hr.ancpi.ro\/wp-content\/uploads\/2022\/10\/Anexa1.19.doc\">[download] Anexa 1.19 \u00cencheiere<\/a><\/p>\n<p data-raofz=\"15\"><a role=\"link\" href=\"https:\/\/hr.ancpi.ro\/wp-content\/uploads\/2022\/10\/Anexa1.20.doc\" data-raofz=\"15\">[download] Anexa 1.20 \u00cencheiere de respingere<\/a><\/p>\n<p data-raofz=\"15\"><a role=\"link\" href=\"https:\/\/hr.ancpi.ro\/wp-content\/uploads\/2022\/10\/Anexa1.21.doc\" data-raofz=\"15\">[download] Anexa 1.21 Centralizator<\/a><\/p>\n<p data-raofz=\"15\"><a role=\"link\" href=\"https:\/\/hr.ancpi.ro\/wp-content\/uploads\/2022\/10\/Anexa1.22.doc\" data-raofz=\"15\">[download] Anexa 1.22 Cerere de \u00eenscriere<\/a><\/p>\n<p data-raofz=\"15\"><a role=\"link\" href=\"https:\/\/hr.ancpi.ro\/wp-content\/uploads\/2022\/10\/Anexa1.23.doc\" data-raofz=\"15\">[download] Anexa 1.23 Cerere pentru eliberarea unui extras de carte funciar\u0103 pentru informare<\/a><\/p>\n<p data-raofz=\"15\"><a role=\"link\" href=\"https:\/\/hr.ancpi.ro\/wp-content\/uploads\/2022\/10\/Anexa1.24.doc\" data-raofz=\"15\">[download] Anexa 1.24 Cerere pentru eliberarea unui certificat de sarcini<\/a><\/p>\n<p data-raofz=\"15\"><a role=\"link\" href=\"https:\/\/hr.ancpi.ro\/wp-content\/uploads\/2022\/10\/Anexa1.25.doc\" data-raofz=\"15\">[download] Anexa 1.25 Cerere privind identificarea num\u0103rului de carte funciar\u0103 \u015fi a num\u0103rului cadastral topografic<\/a><\/p>\n<p data-raofz=\"15\"><a role=\"link\" href=\"https:\/\/hr.ancpi.ro\/wp-content\/uploads\/2022\/10\/Anexa1.27.doc\" data-raofz=\"15\">[download] Anexa 1.27 Cerere privind \u00eenscrierea imobilului \u00een eviden\u021bele de cadastru \u0219i carte funciar\u0103 dup\u0103 datele de identificare ale acestuia<\/a><\/p>\n<p data-raofz=\"15\"><a role=\"link\" href=\"https:\/\/hr.ancpi.ro\/wp-content\/uploads\/2022\/10\/Anexa1.28.doc\" data-raofz=\"15\">[download] Anexa 1.28 Certificat privind \u00eenscrierea imobilului \u00een eviden\u021bele de cadastru \u0219i carte funciar\u0103 dup\u0103 datele de identificare ale acestuia<\/a><\/p>\n<p data-raofz=\"15\"><a role=\"link\" href=\"https:\/\/hr.ancpi.ro\/wp-content\/uploads\/2022\/10\/Anexa1.29.doc\" data-raofz=\"15\">[download] Anexa 1.29 Borderou<\/a><\/p>\n<p data-raofz=\"15\"><a role=\"link\" href=\"https:\/\/hr.ancpi.ro\/wp-content\/uploads\/2022\/10\/Anexa1.30.doc\" data-raofz=\"15\">[download] Anexa 1.30 Cerere de informa\u021bii<\/a><\/p>\n<p data-raofz=\"15\"><a role=\"link\" href=\"https:\/\/hr.ancpi.ro\/wp-content\/uploads\/2022\/10\/Anexa1.31.doc\" data-raofz=\"15\">[download] Anexa 1.31 Cerere de recep\u021bie \u0219i \u00eenscriere<\/a><\/p>\n<p data-raofz=\"15\"><a role=\"link\" href=\"https:\/\/hr.ancpi.ro\/wp-content\/uploads\/2022\/10\/Anexa1.32.doc\" data-raofz=\"15\">[download] Anexa 1.32 Declara\u021bie<\/a><\/p>\n<p data-raofz=\"15\"><a role=\"link\" href=\"https:\/\/hr.ancpi.ro\/wp-content\/uploads\/2022\/10\/Anexa1.33.doc\" data-raofz=\"15\">[download]Anexa 1.33 Memoriu tehnic<\/a><\/p>\n<p data-raofz=\"15\"><a role=\"link\" href=\"https:\/\/hr.ancpi.ro\/wp-content\/uploads\/2022\/10\/Anexa1.35.doc\" data-raofz=\"15\">[download] Anexa 1.35 Plan de amplasament \u0219i delimitare al imobilului<\/a><\/p>\n<p data-raofz=\"15\"><a role=\"link\" href=\"https:\/\/hr.ancpi.ro\/wp-content\/uploads\/2022\/10\/Anexa1.36.doc\" data-raofz=\"15\">[download] Anexa 1.36 Plan de amplasament cu propunerea de dezlipire\/alipire<\/a><\/p>\n<p data-raofz=\"15\"><a role=\"link\" href=\"https:\/\/hr.ancpi.ro\/wp-content\/uploads\/2022\/10\/Anexa1.37.doc\" data-raofz=\"15\">[download] Anexa 1.37 Releveu<\/a><\/p>\n<p data-raofz=\"15\"><a role=\"link\" href=\"https:\/\/hr.ancpi.ro\/wp-content\/uploads\/2022\/10\/Anexa1.38.doc\" data-raofz=\"15\">[download] Anexa 1.38 Foaia colectiv\u0103<\/a><\/p>\n<p data-raofz=\"15\"><a role=\"link\" href=\"https:\/\/hr.ancpi.ro\/wp-content\/uploads\/2022\/10\/Anexa1.39.doc\" data-raofz=\"15\">[download] Anexa 1.39 Proces verbal de vecin\u0103tate<\/a><\/p>\n<p data-raofz=\"15\"><a role=\"link\" href=\"https:\/\/hr.ancpi.ro\/wp-content\/uploads\/2022\/10\/Anexa1.42.doc\" data-raofz=\"15\">[download] Anexa 1.42 Cerere anulare num\u0103r cadastral<\/a><\/p>\n<p data-raofz=\"15\"><a role=\"link\" href=\"https:\/\/hr.ancpi.ro\/wp-content\/uploads\/2022\/10\/Anexa1.43.doc\" data-raofz=\"15\">[download] Anexa 1.43 Plan parcelar<\/a><\/p>\n<p data-raofz=\"15\"><a role=\"link\" href=\"https:\/\/hr.ancpi.ro\/wp-content\/uploads\/2022\/10\/Anexa1.44.doc\" data-raofz=\"15\">[download] Anexa 1.44 Tabel parcelar<\/a><\/p>\n<p data-raofz=\"15\"><a role=\"link\" href=\"https:\/\/hr.ancpi.ro\/wp-content\/uploads\/2022\/10\/Anexa1.45.doc\" data-raofz=\"15\">[download] Anexa 1.45 Cerere privind solicitarea avizului de \u00eencepere\/recep\u021bie a lucr\u0103rii<\/a><\/p>\n<p data-raofz=\"15\"><a role=\"link\" href=\"https:\/\/hr.ancpi.ro\/wp-content\/uploads\/2022\/10\/Anexa1.46.doc\" data-raofz=\"15\">[download] Anexa 1.46 Aviz \u00eencepere lucrari<\/a><\/p>\n<p data-raofz=\"15\"><a role=\"link\" href=\"https:\/\/hr.ancpi.ro\/wp-content\/uploads\/2022\/10\/Anexa1.47.doc\" data-raofz=\"15\">[download] Anexa 1.47 Proces verbal de recep\u021bie<\/a><\/p>\n<p data-raofz=\"15\"><a role=\"link\" href=\"https:\/\/hr.ancpi.ro\/wp-content\/uploads\/2022\/10\/Anexa1.49.doc\" data-raofz=\"15\">[download] Anexa 1.49 Standarde de precizie \u0219i densitate<\/a><\/p>\n<p data-raofz=\"15\"><a role=\"link\" href=\"https:\/\/hr.ancpi.ro\/wp-content\/uploads\/2022\/10\/Anexa1.50.doc\" data-raofz=\"15\">[download] Anexa 1.50 Certificat<\/a><\/p>\n<p data-raofz=\"15\"><a href=\"https:\/\/hr.ancpi.ro\/wp-content\/uploads\/2022\/10\/Anexa151.pdf\">[download] Anexa 1.51_1 Certificat de atestare pentru inscrierea in cartea funciara a imobilului teren aferent casei de locuit<\/a><\/p>\n<p data-raofz=\"15\">[download] Anexa 1.52 Certificat de atestare a edific\u0103rii\/extinderii construc\u0163iei<\/p>\n<p data-raofz=\"15\">[download] Anexa 1.53 Cerere de informa\u021bii pentru \u00eentocmirea planului parcelar \u00een vederea atribuirii<\/p>\n","protected":false},"excerpt":{"rendered":"<p>[download] Model 1 \u2013 reclamatie administrativa L 544 [download] Model 2 \u2013 reclamatie administrativa L 544 [download] Formular tip cerere informatii de interes public [download] Anexa 1 FORMULAR CERERE RESTITUIRE SUME INCASATE NECUVENIT DE CATRE ANCPI\/OCPI [download] Anexa 1.1 Registrul cadastral al imobilelor (condominiu) [download] Anexa 1.1 Registrul cadastral al imobilelor (fi\u0219a colectiv\u0103 condominiu a [&hellip;]<\/p>\n","protected":false},"author":4,"featured_media":0,"parent":0,"menu_order":0,"comment_status":"closed","ping_status":"closed","template":"","meta":{"_exactmetrics_skip_tracking":false,"_exactmetrics_sitenote_active":false,"_exactmetrics_sitenote_note":"","_exactmetrics_sitenote_category":0,"footnotes":""},"class_list":["post-1598","page","type-page","status-publish","hentry"],"_links":{"self":[{"href":"https:\/\/hr.ancpi.ro\/hu\/wp-json\/wp\/v2\/pages\/1598","targetHints":{"allow":["GET"]}}],"collection":[{"href":"https:\/\/hr.ancpi.ro\/hu\/wp-json\/wp\/v2\/pages"}],"about":[{"href":"https:\/\/hr.ancpi.ro\/hu\/wp-json\/wp\/v2\/types\/page"}],"author":[{"embeddable":true,"href":"https:\/\/hr.ancpi.ro\/hu\/wp-json\/wp\/v2\/users\/4"}],"replies":[{"embeddable":true,"href":"https:\/\/hr.ancpi.ro\/hu\/wp-json\/wp\/v2\/comments?post=1598"}],"version-history":[{"count":5,"href":"https:\/\/hr.ancpi.ro\/hu\/wp-json\/wp\/v2\/pages\/1598\/revisions"}],"predecessor-version":[{"id":4944,"href":"https:\/\/hr.ancpi.ro\/hu\/wp-json\/wp\/v2\/pages\/1598\/revisions\/4944"}],"wp:attachment":[{"href":"https:\/\/hr.ancpi.ro\/hu\/wp-json\/wp\/v2\/media?parent=1598"}],"curies":[{"name":"wp","href":"https:\/\/api.w.org\/{rel}","templated":true}]}}