{"id":1594,"date":"2018-09-27T12:00:35","date_gmt":"2018-09-27T12:00:35","guid":{"rendered":"http:\/\/testare.ga\/ancpi\/?page_id=1594"},"modified":"2024-10-02T15:31:37","modified_gmt":"2024-10-02T12:31:37","slug":"legislatie","status":"publish","type":"page","link":"https:\/\/hr.ancpi.ro\/hu\/legislatie\/","title":{"rendered":"Jogszab\u00e1lyok"},"content":{"rendered":"<ul>\n<li>\n<h3 data-raofz=\"20\"><a href=\"https:\/\/hr.ancpi.ro\/wp-content\/uploads\/2024\/10\/Ord_600_amendament_21.05.2024.pdf\" target=\"_blank\" rel=\"noopener\">Ordinul nr. 600\/2023 privind aprobarea Regulamentului de avizare, recep\u021bie \u0219i \u00eenscriere \u00een eviden\u021bele de cadastru \u0219i carte funciar\u0103 &#8211; consolidare 16.08.2023<\/a><\/h3>\n<\/li>\n<li>\n<h3 data-raofz=\"20\"><a role=\"link\" href=\"https:\/\/hr.ancpi.ro\/wp-content\/uploads\/2024\/10\/L7_1996_-amendament_01.09.2024.pdf\" rel=\"noreferrer noopener\" data-raofz=\"20\">Legea cadastrului \u0219i a publicit\u0103\u021bii imobiliare nr. 7\/1996<\/a>, republicat\u0103, cu modific\u0103rile \u0219i complet\u0103rile ulterioare<\/h3>\n<\/li>\n<li data-raofz=\"15\">\n<h3 data-raofz=\"20\"><a role=\"link\" href=\"http:\/\/legislatie.just.ro\/Public\/DetaliiDocument\/144203\" rel=\"noreferrer noopener\" data-raofz=\"20\">Hot\u0103r\u00e2rea Guvernului nr. 1288\/2012<\/a>\u00a0pentru aprobarea Regulamentului de organizare \u0219i func\u021bionare a Agen\u021biei Na\u021bionale de Cadastru \u0219i Publicitate Imobiliar\u0103, cu modific\u0103rile ulterioare;<\/h3>\n<\/li>\n<li data-raofz=\"15\">\n<h3 data-raofz=\"20\">\u00a0<a role=\"link\" href=\"http:\/\/legislatie.just.ro\/Public\/DetaliiDocument\/184065\" rel=\"noreferrer noopener\" data-raofz=\"20\">Ordinul nr.1445\/2016<\/a>\u00a0emis de directorul general al ANCPI privind aprobarea\u00a0privind aprobarea organigramei oficiilor de cadastru \u0219i publicitate imobiliar\u0103, a Centrului Na\u021bional de Cartografie, precum \u0219i a regulamentelor de organizare \u0219i func\u021bionare ale acestora.<\/h3>\n<\/li>\n<li data-raofz=\"15\">\n<h3 data-raofz=\"20\"><a role=\"link\" href=\"http:\/\/legislatie.just.ro\/Public\/DetaliiDocument\/209916\" rel=\"noreferrer noopener\" data-raofz=\"20\">Ordinul nr. 16\/2019<\/a>\u00a0privind aprobarea tarifelor pentru serviciile furnizate de Agen\u021bia Na\u021bional\u0103 de Cadastru \u0219i Publicitate Imobiliar\u0103 \u0219i unit\u0103\u021bile sale subordonate \u0219i a taxei de autorizare pentru persoanele care realizeaz\u0103 lucr\u0103ri de specialitate din domeniile cadastrului, geodeziei \u0219i cartografiei, cu modific\u0103rile \u0219i complet\u0103rile ulterioare;<\/h3>\n<\/li>\n<\/ul>","protected":false},"excerpt":{"rendered":"<p>Ordinul nr. 600\/2023 privind aprobarea Regulamentului de avizare, recep\u021bie \u0219i \u00eenscriere \u00een eviden\u021bele de cadastru \u0219i carte funciar\u0103 &#8211; consolidare 16.08.2023 Legea cadastrului \u0219i a publicit\u0103\u021bii imobiliare nr. 7\/1996, republicat\u0103, cu modific\u0103rile \u0219i complet\u0103rile ulterioare Hot\u0103r\u00e2rea Guvernului nr. 1288\/2012\u00a0pentru aprobarea Regulamentului de organizare \u0219i func\u021bionare a Agen\u021biei Na\u021bionale de Cadastru \u0219i Publicitate Imobiliar\u0103, cu modific\u0103rile [&hellip;]<\/p>\n","protected":false},"author":4,"featured_media":0,"parent":0,"menu_order":0,"comment_status":"closed","ping_status":"closed","template":"","meta":{"_exactmetrics_skip_tracking":false,"_exactmetrics_sitenote_active":false,"_exactmetrics_sitenote_note":"","_exactmetrics_sitenote_category":0,"footnotes":""},"class_list":["post-1594","page","type-page","status-publish","hentry"],"_links":{"self":[{"href":"https:\/\/hr.ancpi.ro\/hu\/wp-json\/wp\/v2\/pages\/1594","targetHints":{"allow":["GET"]}}],"collection":[{"href":"https:\/\/hr.ancpi.ro\/hu\/wp-json\/wp\/v2\/pages"}],"about":[{"href":"https:\/\/hr.ancpi.ro\/hu\/wp-json\/wp\/v2\/types\/page"}],"author":[{"embeddable":true,"href":"https:\/\/hr.ancpi.ro\/hu\/wp-json\/wp\/v2\/users\/4"}],"replies":[{"embeddable":true,"href":"https:\/\/hr.ancpi.ro\/hu\/wp-json\/wp\/v2\/comments?post=1594"}],"version-history":[{"count":6,"href":"https:\/\/hr.ancpi.ro\/hu\/wp-json\/wp\/v2\/pages\/1594\/revisions"}],"predecessor-version":[{"id":5707,"href":"https:\/\/hr.ancpi.ro\/hu\/wp-json\/wp\/v2\/pages\/1594\/revisions\/5707"}],"wp:attachment":[{"href":"https:\/\/hr.ancpi.ro\/hu\/wp-json\/wp\/v2\/media?parent=1594"}],"curies":[{"name":"wp","href":"https:\/\/api.w.org\/{rel}","templated":true}]}}