{"id":1323,"date":"2016-05-26T16:51:46","date_gmt":"2016-05-26T16:51:46","guid":{"rendered":"http:\/\/demo.goodlayers.com\/infinite\/homepages\/gardener\/?page_id=1323"},"modified":"2025-07-28T10:13:07","modified_gmt":"2025-07-28T07:13:07","slug":"homepage-gardener","status":"publish","type":"page","link":"http:\/\/hr.ancpi.ro\/ro\/","title":{"rendered":"Acas\u0103"},"content":{"rendered":"<p style=\"text-align: center;\"><span style=\"color: #3366ff;\"><strong><a style=\"color: #3366ff;\" href=\"http:\/\/www.ancpi.ro\/pnccf_docs2\/index.php?dir=Harghita\" target=\"_blank\" rel=\"noopener\">Informare public\u0103 privind Unit\u0103\u021bile Administrativ Teritoriale sau sectoarele cadastrale \u00een care se deruleaz\u0103 sau au fost finalizate lucr\u0103ri de \u00eenregistrare sistematic\u0103 \u00een jude\u021bul Harghita.<\/a><\/strong><\/span><\/p>\n<p style=\"text-align: center;\"><span style=\"color: #3366ff;\"><strong><a style=\"color: #3366ff;\" href=\"http:\/\/www.ancpi.ro\/pnccf_docs\/?dir=Harghita\" target=\"_blank\" rel=\"noopener\">Informare privind afi\u0219area public\u0103 a documentelor tehnice ale cadastrului realizate la nivelul Unit\u0103\u021bilor Administrativ Teritoriale sau la nivel de sectoare cadastrale \u00een vederea verific\u0103rii \u0219i\/sau\u00a0 formul\u0103rii cererilor de rectificare de c\u0103tre de\u021bin\u0103torii imobilelor din jude\u021bul Harghita.<\/a><\/strong><\/span><\/p>\n","protected":false},"excerpt":{"rendered":"<p>Informare public\u0103 privind Unit\u0103\u021bile Administrativ Teritoriale sau sectoarele cadastrale \u00een care se deruleaz\u0103 sau au fost finalizate lucr\u0103ri de \u00eenregistrare sistematic\u0103 \u00een jude\u021bul Harghita. Informare privind afi\u0219area public\u0103 a documentelor tehnice ale cadastrului realizate la nivelul Unit\u0103\u021bilor Administrativ Teritoriale sau la nivel de sectoare cadastrale \u00een vederea verific\u0103rii \u0219i\/sau\u00a0 formul\u0103rii cererilor de rectificare de c\u0103tre [&hellip;]<\/p>\n","protected":false},"author":4,"featured_media":0,"parent":0,"menu_order":0,"comment_status":"closed","ping_status":"closed","template":"","meta":{"_exactmetrics_skip_tracking":false,"_exactmetrics_sitenote_active":false,"_exactmetrics_sitenote_note":"","_exactmetrics_sitenote_category":0,"footnotes":""},"class_list":["post-1323","page","type-page","status-publish","hentry"],"_links":{"self":[{"href":"http:\/\/hr.ancpi.ro\/ro\/wp-json\/wp\/v2\/pages\/1323","targetHints":{"allow":["GET"]}}],"collection":[{"href":"http:\/\/hr.ancpi.ro\/ro\/wp-json\/wp\/v2\/pages"}],"about":[{"href":"http:\/\/hr.ancpi.ro\/ro\/wp-json\/wp\/v2\/types\/page"}],"author":[{"embeddable":true,"href":"http:\/\/hr.ancpi.ro\/ro\/wp-json\/wp\/v2\/users\/4"}],"replies":[{"embeddable":true,"href":"http:\/\/hr.ancpi.ro\/ro\/wp-json\/wp\/v2\/comments?post=1323"}],"version-history":[{"count":6,"href":"http:\/\/hr.ancpi.ro\/ro\/wp-json\/wp\/v2\/pages\/1323\/revisions"}],"predecessor-version":[{"id":5905,"href":"http:\/\/hr.ancpi.ro\/ro\/wp-json\/wp\/v2\/pages\/1323\/revisions\/5905"}],"wp:attachment":[{"href":"http:\/\/hr.ancpi.ro\/ro\/wp-json\/wp\/v2\/media?parent=1323"}],"curies":[{"name":"wp","href":"https:\/\/api.w.org\/{rel}","templated":true}]}}