{"id":5928,"date":"2025-11-12T11:46:05","date_gmt":"2025-11-12T09:46:05","guid":{"rendered":"https:\/\/hr.ancpi.ro\/?page_id=5928"},"modified":"2025-12-02T12:36:44","modified_gmt":"2025-12-02T10:36:44","slug":"examene-de-autorizare","status":"publish","type":"page","link":"http:\/\/hr.ancpi.ro\/hu\/examene-de-autorizare\/","title":{"rendered":"Examene de autorizare"},"content":{"rendered":"<p style=\"text-align: center;\">\n<p style=\"text-align: center;\">Documentele con\u021binute \u00een dosarul de autorizare semnate cu semn\u0103tur\u0103 electronic\u0103 calificat\u0103 de c\u0103tre solicitant pot fi depuse \u0219i online la adresa de e-mail:<strong>dosar.autorizare.hr@ancpi.ro<\/strong><\/p>\n<ul>\n<li style=\"text-align: left;\" data-raofz=\"15\"><strong><a role=\"link\" href=\"https:\/\/hr.ancpi.ro\/wp-content\/uploads\/2025\/11\/tematicab.pdf\" data-raofz=\"15\">Bibliografie si tematica pentru examinarea persoanelor fizice care solicit\u0103 autorizarea pentru realizarea lucr\u0103rilor de specialitate \u00een domeniul cadastrului, geodeziei si cartografiei<\/a><a role=\"link\" href=\"https:\/\/ms.ancpi.ro\/media\/anunturi\/2023\/tematicab.pdf\" data-raofz=\"15\">\u00a0Categoria B<\/a><\/strong><\/li>\n<li style=\"text-align: left;\" data-raofz=\"15\"><strong><a role=\"link\" href=\"https:\/\/hr.ancpi.ro\/wp-content\/uploads\/2025\/11\/tematicac.pdf\" data-raofz=\"15\">Bibliografie si tematica pentru examinarea persoanelor fizice care solicit\u0103 autorizarea pentru realizarea lucr\u0103rilor de specialitate \u00een domeniul cadastrului, geodeziei si cartografiei<\/a><a role=\"link\" href=\"https:\/\/ms.ancpi.ro\/media\/anunturi\/2023\/tematicab.pdf\" data-raofz=\"15\"> Categoria C<\/a><\/strong><\/li>\n<\/ul>","protected":false},"excerpt":{"rendered":"<p>Documentele con\u021binute \u00een dosarul de autorizare semnate cu semn\u0103tur\u0103 electronic\u0103 calificat\u0103 de c\u0103tre solicitant pot fi depuse \u0219i online la adresa de e-mail:dosar.autorizare.hr@ancpi.ro Bibliografie si tematica pentru examinarea persoanelor fizice care solicit\u0103 autorizarea pentru realizarea lucr\u0103rilor de specialitate \u00een domeniul cadastrului, geodeziei si cartografiei\u00a0Categoria B Bibliografie si tematica pentru examinarea persoanelor fizice care solicit\u0103 autorizarea [&hellip;]<\/p>\n","protected":false},"author":5,"featured_media":0,"parent":0,"menu_order":0,"comment_status":"closed","ping_status":"closed","template":"","meta":{"_exactmetrics_skip_tracking":false,"_exactmetrics_sitenote_active":false,"_exactmetrics_sitenote_note":"","_exactmetrics_sitenote_category":0,"footnotes":""},"class_list":["post-5928","page","type-page","status-publish","hentry"],"_links":{"self":[{"href":"http:\/\/hr.ancpi.ro\/hu\/wp-json\/wp\/v2\/pages\/5928","targetHints":{"allow":["GET"]}}],"collection":[{"href":"http:\/\/hr.ancpi.ro\/hu\/wp-json\/wp\/v2\/pages"}],"about":[{"href":"http:\/\/hr.ancpi.ro\/hu\/wp-json\/wp\/v2\/types\/page"}],"author":[{"embeddable":true,"href":"http:\/\/hr.ancpi.ro\/hu\/wp-json\/wp\/v2\/users\/5"}],"replies":[{"embeddable":true,"href":"http:\/\/hr.ancpi.ro\/hu\/wp-json\/wp\/v2\/comments?post=5928"}],"version-history":[{"count":5,"href":"http:\/\/hr.ancpi.ro\/hu\/wp-json\/wp\/v2\/pages\/5928\/revisions"}],"predecessor-version":[{"id":5944,"href":"http:\/\/hr.ancpi.ro\/hu\/wp-json\/wp\/v2\/pages\/5928\/revisions\/5944"}],"wp:attachment":[{"href":"http:\/\/hr.ancpi.ro\/hu\/wp-json\/wp\/v2\/media?parent=5928"}],"curies":[{"name":"wp","href":"https:\/\/api.w.org\/{rel}","templated":true}]}}